{"id":248,"date":"2022-09-19T17:56:35","date_gmt":"2022-09-19T15:56:35","guid":{"rendered":"https:\/\/gettingreener.com\/team\/"},"modified":"2022-09-27T17:26:44","modified_gmt":"2022-09-27T15:26:44","slug":"team","status":"publish","type":"page","link":"https:\/\/gettingreener.com\/en\/team\/","title":{"rendered":"Team"},"content":{"rendered":"\t\t<div data-elementor-type=\"wp-page\" data-elementor-id=\"248\" class=\"elementor elementor-248 elementor-157\" data-elementor-post-type=\"page\">\n\t\t\t\t\t\t<section class=\"elementor-section elementor-top-section elementor-element elementor-element-833196d elementor-section-full_width elementor-section-stretched elementor-section-height-min-height elementor-section-items-stretch elementor-section-height-default\" data-id=\"833196d\" data-element_type=\"section\" data-e-type=\"section\" data-settings=\"{&quot;stretch_section&quot;:&quot;section-stretched&quot;}\">\n\t\t\t\t\t\t<div class=\"elementor-container elementor-column-gap-default\">\n\t\t\t\t\t<div class=\"elementor-column elementor-col-100 elementor-top-column elementor-element elementor-element-55d3121\" data-id=\"55d3121\" data-element_type=\"column\" data-e-type=\"column\" data-settings=\"{&quot;background_background&quot;:&quot;classic&quot;}\">\n\t\t\t<div class=\"elementor-widget-wrap elementor-element-populated\">\n\t\t\t\t\t\t<div class=\"elementor-element elementor-element-dfedaa1 elementor-widget elementor-widget-spacer\" data-id=\"dfedaa1\" data-element_type=\"widget\" data-e-type=\"widget\" data-widget_type=\"spacer.default\">\n\t\t\t\t<div class=\"elementor-widget-container\">\n\t\t\t\t\t\t\t<div class=\"elementor-spacer\">\n\t\t\t<div class=\"elementor-spacer-inner\"><\/div>\n\t\t<\/div>\n\t\t\t\t\t\t<\/div>\n\t\t\t\t<\/div>\n\t\t\t\t\t<\/div>\n\t\t<\/div>\n\t\t\t\t\t<\/div>\n\t\t<\/section>\n\t\t\t\t<section class=\"elementor-section elementor-top-section elementor-element elementor-element-f707497 elementor-section-boxed elementor-section-height-default elementor-section-height-default\" data-id=\"f707497\" data-element_type=\"section\" data-e-type=\"section\">\n\t\t\t\t\t\t<div class=\"elementor-container elementor-column-gap-default\">\n\t\t\t\t\t<div class=\"elementor-column elementor-col-100 elementor-top-column elementor-element elementor-element-1a7ee0f sombraCaja\" data-id=\"1a7ee0f\" data-element_type=\"column\" data-e-type=\"column\" data-settings=\"{&quot;background_background&quot;:&quot;classic&quot;}\">\n\t\t\t<div class=\"elementor-widget-wrap elementor-element-populated\">\n\t\t\t\t\t\t<div class=\"elementor-element elementor-element-12f791f elementor-widget elementor-widget-heading\" data-id=\"12f791f\" data-element_type=\"widget\" data-e-type=\"widget\" data-widget_type=\"heading.default\">\n\t\t\t\t<div class=\"elementor-widget-container\">\n\t\t\t\t\t<p class=\"elementor-heading-title elementor-size-default\">Management team<\/p>\t\t\t\t<\/div>\n\t\t\t\t<\/div>\n\t\t\t\t<div class=\"elementor-element elementor-element-6f27f8c elementor-widget elementor-widget-heading\" data-id=\"6f27f8c\" data-element_type=\"widget\" data-e-type=\"widget\" data-widget_type=\"heading.default\">\n\t\t\t\t<div class=\"elementor-widget-container\">\n\t\t\t\t\t<p class=\"elementor-heading-title elementor-size-default\">Getting Greener's team combines knowledge and skills in the energy sector, sustainability and asset management; after more than 20 years of working with large multinationals.<\/p>\t\t\t\t<\/div>\n\t\t\t\t<\/div>\n\t\t\t\t\t<\/div>\n\t\t<\/div>\n\t\t\t\t\t<\/div>\n\t\t<\/section>\n\t\t\t\t<section class=\"elementor-section elementor-top-section elementor-element elementor-element-36a55bd elementor-section-boxed elementor-section-height-default elementor-section-height-default\" data-id=\"36a55bd\" data-element_type=\"section\" data-e-type=\"section\">\n\t\t\t\t\t\t<div class=\"elementor-container elementor-column-gap-default\">\n\t\t\t\t\t<div class=\"elementor-column elementor-col-33 elementor-top-column elementor-element elementor-element-63c894d\" data-id=\"63c894d\" data-element_type=\"column\" data-e-type=\"column\">\n\t\t\t<div class=\"elementor-widget-wrap elementor-element-populated\">\n\t\t\t\t\t\t<div class=\"elementor-element elementor-element-c165d7a elementor-widget elementor-widget-image\" data-id=\"c165d7a\" data-element_type=\"widget\" data-e-type=\"widget\" data-widget_type=\"image.default\">\n\t\t\t\t<div class=\"elementor-widget-container\">\n\t\t\t\t\t\t\t\t\t\t\t\t\t\t\t<img fetchpriority=\"high\" decoding=\"async\" width=\"800\" height=\"1210\" src=\"https:\/\/gettingreener.com\/wp-content\/uploads\/2022\/09\/mariola-pina.jpg\" class=\"attachment-full size-full wp-image-233\" alt=\"Imagen de una mujer sonriendo, promoviendo pr\u00e1cticas sostenibles y ecol\u00f3gicas.\" srcset=\"https:\/\/gettingreener.com\/wp-content\/uploads\/2022\/09\/mariola-pina.jpg 800w, https:\/\/gettingreener.com\/wp-content\/uploads\/2022\/09\/mariola-pina-198x300.jpg 198w, https:\/\/gettingreener.com\/wp-content\/uploads\/2022\/09\/mariola-pina-677x1024.jpg 677w, https:\/\/gettingreener.com\/wp-content\/uploads\/2022\/09\/mariola-pina-768x1162.jpg 768w\" sizes=\"(max-width: 800px) 100vw, 800px\" \/>\t\t\t\t\t\t\t\t\t\t\t\t\t\t\t<\/div>\n\t\t\t\t<\/div>\n\t\t\t\t<div class=\"elementor-element elementor-element-8f9f631 elementor-widget elementor-widget-heading\" data-id=\"8f9f631\" data-element_type=\"widget\" data-e-type=\"widget\" data-widget_type=\"heading.default\">\n\t\t\t\t<div class=\"elementor-widget-container\">\n\t\t\t\t\t<p class=\"elementor-heading-title elementor-size-default\">Mariola Pina<\/p>\t\t\t\t<\/div>\n\t\t\t\t<\/div>\n\t\t\t\t<div class=\"elementor-element elementor-element-9c923eb elementor-widget elementor-widget-text-editor\" data-id=\"9c923eb\" data-element_type=\"widget\" data-e-type=\"widget\" data-widget_type=\"text-editor.default\">\n\t\t\t\t<div class=\"elementor-widget-container\">\n\t\t\t\t\t\t\t\t\t<p>President &amp; CEO. Founding Partner<\/p>\n\t\t\t\t\t\t\t\t<\/div>\n\t\t\t\t<\/div>\n\t\t\t\t<div class=\"elementor-element elementor-element-8733f97 elementor-widget elementor-widget-text-editor\" data-id=\"8733f97\" data-element_type=\"widget\" data-e-type=\"widget\" data-widget_type=\"text-editor.default\">\n\t\t\t\t<div class=\"elementor-widget-container\">\n\t\t\t\t\t\t\t\t\t<p>More than 28 years working in the areas of Asset Management. Strategy, Corporate Governance and Operations.<\/p>\n<p>Among her experience:<\/p>\n<ul>\n<li>Chairman of the Board of Directors of Getting Greener<\/li>\n<li>Member of the Board of HomeServe Spain<\/li>\n<li>Chairman of the Board and Chief Executive Officer of Redaptive Europe<\/li>\n<li>General Manager of Energy, Smart Cities and Sustainability at Hitachi Innovation EMEIA.<\/li>\n<li>Energy and Mining Partner, PwC Advisory Services<\/li>\n<\/ul>\n<p>Mariola is a Member of the ICA, Instituto de Consejeros y Administradores de Espa\u00f1a, and a member of the Management Committee of the Asociaci\u00f3n de Ejecutivos y Financieros de Espa\u00f1a, among others.<\/p>\n\t\t\t\t\t\t\t\t<\/div>\n\t\t\t\t<\/div>\n\t\t\t\t\t<\/div>\n\t\t<\/div>\n\t\t\t\t<div class=\"elementor-column elementor-col-33 elementor-top-column elementor-element elementor-element-945b551\" data-id=\"945b551\" data-element_type=\"column\" data-e-type=\"column\">\n\t\t\t<div class=\"elementor-widget-wrap elementor-element-populated\">\n\t\t\t\t\t\t<div class=\"elementor-element elementor-element-b4aa032 elementor-widget elementor-widget-image\" data-id=\"b4aa032\" data-element_type=\"widget\" data-e-type=\"widget\" data-widget_type=\"image.default\">\n\t\t\t\t<div class=\"elementor-widget-container\">\n\t\t\t\t\t\t\t\t\t\t\t\t\t\t\t<img decoding=\"async\" width=\"800\" height=\"1210\" src=\"https:\/\/gettingreener.com\/wp-content\/uploads\/2022\/09\/Redondo.jpg\" class=\"attachment-full size-full wp-image-234\" alt=\"Hombre en traje azul y corbata roja, promoviendo sostenibilidad y medio ambiente.\" srcset=\"https:\/\/gettingreener.com\/wp-content\/uploads\/2022\/09\/Redondo.jpg 800w, https:\/\/gettingreener.com\/wp-content\/uploads\/2022\/09\/Redondo-198x300.jpg 198w, https:\/\/gettingreener.com\/wp-content\/uploads\/2022\/09\/Redondo-677x1024.jpg 677w, https:\/\/gettingreener.com\/wp-content\/uploads\/2022\/09\/Redondo-768x1162.jpg 768w\" sizes=\"(max-width: 800px) 100vw, 800px\" \/>\t\t\t\t\t\t\t\t\t\t\t\t\t\t\t<\/div>\n\t\t\t\t<\/div>\n\t\t\t\t<div class=\"elementor-element elementor-element-3dc4c23 elementor-widget elementor-widget-heading\" data-id=\"3dc4c23\" data-element_type=\"widget\" data-e-type=\"widget\" data-widget_type=\"heading.default\">\n\t\t\t\t<div class=\"elementor-widget-container\">\n\t\t\t\t\t<p class=\"elementor-heading-title elementor-size-default\">Fernando Redondo<\/p>\t\t\t\t<\/div>\n\t\t\t\t<\/div>\n\t\t\t\t<div class=\"elementor-element elementor-element-74eae9f elementor-widget elementor-widget-text-editor\" data-id=\"74eae9f\" data-element_type=\"widget\" data-e-type=\"widget\" data-widget_type=\"text-editor.default\">\n\t\t\t\t<div class=\"elementor-widget-container\">\n\t\t\t\t\t\t\t\t\t<p>Vice President Operations and Sales. Founding Partner<\/p>\n\t\t\t\t\t\t\t\t<\/div>\n\t\t\t\t<\/div>\n\t\t\t\t<div class=\"elementor-element elementor-element-1f35e8a elementor-widget elementor-widget-text-editor\" data-id=\"1f35e8a\" data-element_type=\"widget\" data-e-type=\"widget\" data-widget_type=\"text-editor.default\">\n\t\t\t\t<div class=\"elementor-widget-container\">\n\t\t\t\t\t\t\t\t\t<p>More than 20 years collaborating with large multinationals, governments and regulatory bodies on issues related to energy and its consumption.<\/p>\n<p>Among his experience:<\/p>\n<ul>\n<li>Vice President responsible for Redaptive&#8217;s operations and sales in Europe<\/li>\n<li>General Manager of Energy, Smart Cities and Sustainability at Hitachi Innovation EMEIA.<\/li>\n<li>Director of Energy &amp; Mining at PwC Advisory Services<\/li>\n<li>General Manager of Energy, Smart Cities and Sustainability at Hitachi Innovation EMEIA.<\/li>\n<li>Senior Manager of the Energy area at Everis<\/li>\n<\/ul>\n\t\t\t\t\t\t\t\t<\/div>\n\t\t\t\t<\/div>\n\t\t\t\t\t<\/div>\n\t\t<\/div>\n\t\t\t\t<div class=\"elementor-column elementor-col-33 elementor-top-column elementor-element elementor-element-ba846c5\" data-id=\"ba846c5\" data-element_type=\"column\" data-e-type=\"column\">\n\t\t\t<div class=\"elementor-widget-wrap elementor-element-populated\">\n\t\t\t\t\t\t<div class=\"elementor-element elementor-element-d96c37d elementor-widget elementor-widget-image\" data-id=\"d96c37d\" data-element_type=\"widget\" data-e-type=\"widget\" data-widget_type=\"image.default\">\n\t\t\t\t<div class=\"elementor-widget-container\">\n\t\t\t\t\t\t\t\t\t\t\t\t\t\t\t<img decoding=\"async\" width=\"800\" height=\"1210\" src=\"https:\/\/gettingreener.com\/wp-content\/uploads\/2022\/09\/De-la-Fuente.jpg\" class=\"attachment-full size-full wp-image-235\" alt=\"L\u00edder en sostenibilidad y responsabilidad social en el sector empresarial.\" srcset=\"https:\/\/gettingreener.com\/wp-content\/uploads\/2022\/09\/De-la-Fuente.jpg 800w, https:\/\/gettingreener.com\/wp-content\/uploads\/2022\/09\/De-la-Fuente-198x300.jpg 198w, https:\/\/gettingreener.com\/wp-content\/uploads\/2022\/09\/De-la-Fuente-677x1024.jpg 677w, https:\/\/gettingreener.com\/wp-content\/uploads\/2022\/09\/De-la-Fuente-768x1162.jpg 768w\" sizes=\"(max-width: 800px) 100vw, 800px\" \/>\t\t\t\t\t\t\t\t\t\t\t\t\t\t\t<\/div>\n\t\t\t\t<\/div>\n\t\t\t\t<div class=\"elementor-element elementor-element-36a132a elementor-widget elementor-widget-heading\" data-id=\"36a132a\" data-element_type=\"widget\" data-e-type=\"widget\" data-widget_type=\"heading.default\">\n\t\t\t\t<div class=\"elementor-widget-container\">\n\t\t\t\t\t<p class=\"elementor-heading-title elementor-size-default\">Regino de la Fuente<\/p>\t\t\t\t<\/div>\n\t\t\t\t<\/div>\n\t\t\t\t<div class=\"elementor-element elementor-element-a5c7469 elementor-widget elementor-widget-text-editor\" data-id=\"a5c7469\" data-element_type=\"widget\" data-e-type=\"widget\" data-widget_type=\"text-editor.default\">\n\t\t\t\t<div class=\"elementor-widget-container\">\n\t\t\t\t\t\t\t\t\t<p>Vice President Consulting and Services<\/p>\n\t\t\t\t\t\t\t\t<\/div>\n\t\t\t\t<\/div>\n\t\t\t\t<div class=\"elementor-element elementor-element-5c99cc5 elementor-widget elementor-widget-text-editor\" data-id=\"5c99cc5\" data-element_type=\"widget\" data-e-type=\"widget\" data-widget_type=\"text-editor.default\">\n\t\t\t\t<div class=\"elementor-widget-container\">\n\t\t\t\t\t\t\t\t\t<p>More than 20 years of experience in consulting, advising multinational companies and institutions in the areas of Energy and Sustainability.<\/p>\n<p>Among his experience:<\/p>\n<ul>\n<li>Partner Afianza Asesores<\/li>\n<li>General Manager GRANCEESS<\/li>\n<li>Senior Manager in the Energy area of Hitachi Consulting<\/li>\n<li>Energy, Smart Cities and Sustainability Manager at PwC<\/li>\n<li>Manager of the Energy area at Everis<\/li>\n<\/ul>\n\t\t\t\t\t\t\t\t<\/div>\n\t\t\t\t<\/div>\n\t\t\t\t\t<\/div>\n\t\t<\/div>\n\t\t\t\t\t<\/div>\n\t\t<\/section>\n\t\t\t\t<section class=\"elementor-section elementor-top-section elementor-element elementor-element-8a36d79 elementor-section-boxed elementor-section-height-default elementor-section-height-default\" data-id=\"8a36d79\" data-element_type=\"section\" data-e-type=\"section\">\n\t\t\t\t\t\t<div class=\"elementor-container elementor-column-gap-default\">\n\t\t\t\t\t<div class=\"elementor-column elementor-col-100 elementor-top-column elementor-element elementor-element-1afa718\" data-id=\"1afa718\" data-element_type=\"column\" data-e-type=\"column\">\n\t\t\t<div class=\"elementor-widget-wrap elementor-element-populated\">\n\t\t\t\t\t\t<div class=\"elementor-element elementor-element-7c5cb3d elementor-widget elementor-widget-heading\" data-id=\"7c5cb3d\" data-element_type=\"widget\" data-e-type=\"widget\" data-widget_type=\"heading.default\">\n\t\t\t\t<div class=\"elementor-widget-container\">\n\t\t\t\t\t<p class=\"elementor-heading-title elementor-size-default\">\"More than 20 years working with leading companies.\"<\/p>\t\t\t\t<\/div>\n\t\t\t\t<\/div>\n\t\t\t\t\t<\/div>\n\t\t<\/div>\n\t\t\t\t\t<\/div>\n\t\t<\/section>\n\t\t\t\t<section class=\"elementor-section elementor-top-section elementor-element elementor-element-c3bef0c elementor-section-boxed elementor-section-height-default elementor-section-height-default\" data-id=\"c3bef0c\" data-element_type=\"section\" data-e-type=\"section\">\n\t\t\t\t\t\t<div class=\"elementor-container elementor-column-gap-default\">\n\t\t\t\t\t<div class=\"elementor-column elementor-col-33 elementor-top-column elementor-element elementor-element-eccb0f8\" data-id=\"eccb0f8\" data-element_type=\"column\" data-e-type=\"column\">\n\t\t\t<div class=\"elementor-widget-wrap elementor-element-populated\">\n\t\t\t\t\t\t<div class=\"elementor-element elementor-element-98fb4a6 elementor-widget elementor-widget-image\" data-id=\"98fb4a6\" data-element_type=\"widget\" data-e-type=\"widget\" data-widget_type=\"image.default\">\n\t\t\t\t<div class=\"elementor-widget-container\">\n\t\t\t\t\t\t\t\t\t\t\t\t\t\t\t<img loading=\"lazy\" decoding=\"async\" width=\"800\" height=\"1210\" src=\"https:\/\/gettingreener.com\/wp-content\/uploads\/2022\/09\/Cogolludo.jpg\" class=\"attachment-full size-full wp-image-236\" alt=\"Hombre de negocios en traje azul, promoviendo pr\u00e1cticas ecol\u00f3gicas y sostenibles en el entorno corpo.\" srcset=\"https:\/\/gettingreener.com\/wp-content\/uploads\/2022\/09\/Cogolludo.jpg 800w, https:\/\/gettingreener.com\/wp-content\/uploads\/2022\/09\/Cogolludo-198x300.jpg 198w, https:\/\/gettingreener.com\/wp-content\/uploads\/2022\/09\/Cogolludo-677x1024.jpg 677w, https:\/\/gettingreener.com\/wp-content\/uploads\/2022\/09\/Cogolludo-768x1162.jpg 768w\" sizes=\"(max-width: 800px) 100vw, 800px\" \/>\t\t\t\t\t\t\t\t\t\t\t\t\t\t\t<\/div>\n\t\t\t\t<\/div>\n\t\t\t\t<div class=\"elementor-element elementor-element-4c8f0a7 elementor-widget elementor-widget-heading\" data-id=\"4c8f0a7\" data-element_type=\"widget\" data-e-type=\"widget\" data-widget_type=\"heading.default\">\n\t\t\t\t<div class=\"elementor-widget-container\">\n\t\t\t\t\t<p class=\"elementor-heading-title elementor-size-default\">Jos\u00e9 Luis Cogolludo<\/p>\t\t\t\t<\/div>\n\t\t\t\t<\/div>\n\t\t\t\t<div class=\"elementor-element elementor-element-48b6193 elementor-widget elementor-widget-text-editor\" data-id=\"48b6193\" data-element_type=\"widget\" data-e-type=\"widget\" data-widget_type=\"text-editor.default\">\n\t\t\t\t<div class=\"elementor-widget-container\">\n\t\t\t\t\t\t\t\t\t<p>Partner<\/p>\n\t\t\t\t\t\t\t\t<\/div>\n\t\t\t\t<\/div>\n\t\t\t\t<div class=\"elementor-element elementor-element-a8e9055 elementor-widget elementor-widget-text-editor\" data-id=\"a8e9055\" data-element_type=\"widget\" data-e-type=\"widget\" data-widget_type=\"text-editor.default\">\n\t\t\t\t<div class=\"elementor-widget-container\">\n\t\t\t\t\t\t\t\t\t<p>Among his experience:<\/p>\n<ul>\n<li>Founder and President of Afianza Asesores, a leading firm in comprehensive consulting for SMEs and the self-employed.<\/li>\n<li>Founding partner in 2005 of Qohelet Solar, a company dedicated to the development and construction of solar and wind energy projects.<\/li>\n<\/ul>\n\t\t\t\t\t\t\t\t<\/div>\n\t\t\t\t<\/div>\n\t\t\t\t\t<\/div>\n\t\t<\/div>\n\t\t\t\t<div class=\"elementor-column elementor-col-33 elementor-top-column elementor-element elementor-element-bd20b2b\" data-id=\"bd20b2b\" data-element_type=\"column\" data-e-type=\"column\">\n\t\t\t<div class=\"elementor-widget-wrap elementor-element-populated\">\n\t\t\t\t\t\t<div class=\"elementor-element elementor-element-d3736b8 elementor-widget elementor-widget-image\" data-id=\"d3736b8\" data-element_type=\"widget\" data-e-type=\"widget\" data-widget_type=\"image.default\">\n\t\t\t\t<div class=\"elementor-widget-container\">\n\t\t\t\t\t\t\t\t\t\t\t\t\t\t\t<img loading=\"lazy\" decoding=\"async\" width=\"800\" height=\"1210\" src=\"https:\/\/gettingreener.com\/wp-content\/uploads\/2022\/09\/Cortes.jpg\" class=\"attachment-full size-full wp-image-237\" alt=\"Hombre en traje y corbata en una charla sobre sostenibilidad y medio ambiente.\" srcset=\"https:\/\/gettingreener.com\/wp-content\/uploads\/2022\/09\/Cortes.jpg 800w, https:\/\/gettingreener.com\/wp-content\/uploads\/2022\/09\/Cortes-198x300.jpg 198w, https:\/\/gettingreener.com\/wp-content\/uploads\/2022\/09\/Cortes-677x1024.jpg 677w, https:\/\/gettingreener.com\/wp-content\/uploads\/2022\/09\/Cortes-768x1162.jpg 768w\" sizes=\"(max-width: 800px) 100vw, 800px\" \/>\t\t\t\t\t\t\t\t\t\t\t\t\t\t\t<\/div>\n\t\t\t\t<\/div>\n\t\t\t\t<div class=\"elementor-element elementor-element-aa9a018 elementor-widget elementor-widget-heading\" data-id=\"aa9a018\" data-element_type=\"widget\" data-e-type=\"widget\" data-widget_type=\"heading.default\">\n\t\t\t\t<div class=\"elementor-widget-container\">\n\t\t\t\t\t<p class=\"elementor-heading-title elementor-size-default\">Manuel Cort\u00e9s Aparicio<\/p>\t\t\t\t<\/div>\n\t\t\t\t<\/div>\n\t\t\t\t<div class=\"elementor-element elementor-element-d231195 elementor-widget elementor-widget-text-editor\" data-id=\"d231195\" data-element_type=\"widget\" data-e-type=\"widget\" data-widget_type=\"text-editor.default\">\n\t\t\t\t<div class=\"elementor-widget-container\">\n\t\t\t\t\t\t\t\t\t<p>Partner<\/p>\n\t\t\t\t\t\t\t\t<\/div>\n\t\t\t\t<\/div>\n\t\t\t\t<div class=\"elementor-element elementor-element-42d1087 elementor-widget elementor-widget-text-editor\" data-id=\"42d1087\" data-element_type=\"widget\" data-e-type=\"widget\" data-widget_type=\"text-editor.default\">\n\t\t\t\t<div class=\"elementor-widget-container\">\n\t\t\t\t\t\t\t\t\t<p>Among his experience:<\/p>\n<ul>\n<li>Managing Partner of Avalon Renovables<\/li>\n<li>CEO of Solaris Group<\/li>\n<li>CEO of Bow Power (ACS and GIP Venture)<\/li>\n<li>Director of International Business Promotions of Cobra Energ\u00eda, leading the group&#8217;s international expansion in renewable energy.<\/li>\n<\/ul>\n\t\t\t\t\t\t\t\t<\/div>\n\t\t\t\t<\/div>\n\t\t\t\t\t<\/div>\n\t\t<\/div>\n\t\t\t\t<div class=\"elementor-column elementor-col-33 elementor-top-column elementor-element elementor-element-6e8c8bf\" data-id=\"6e8c8bf\" data-element_type=\"column\" data-e-type=\"column\">\n\t\t\t<div class=\"elementor-widget-wrap elementor-element-populated\">\n\t\t\t\t\t\t<div class=\"elementor-element elementor-element-dfd455e elementor-widget elementor-widget-image\" data-id=\"dfd455e\" data-element_type=\"widget\" data-e-type=\"widget\" data-widget_type=\"image.default\">\n\t\t\t\t<div class=\"elementor-widget-container\">\n\t\t\t\t\t\t\t\t\t\t\t\t\t\t\t<img loading=\"lazy\" decoding=\"async\" width=\"800\" height=\"1210\" src=\"https:\/\/gettingreener.com\/wp-content\/uploads\/2022\/09\/Rabanal.jpg\" class=\"attachment-full size-full wp-image-238\" alt=\"Profesional en sostenibilidad y medio ambiente con experiencia en charlas y conferencias.\" srcset=\"https:\/\/gettingreener.com\/wp-content\/uploads\/2022\/09\/Rabanal.jpg 800w, https:\/\/gettingreener.com\/wp-content\/uploads\/2022\/09\/Rabanal-198x300.jpg 198w, https:\/\/gettingreener.com\/wp-content\/uploads\/2022\/09\/Rabanal-677x1024.jpg 677w, https:\/\/gettingreener.com\/wp-content\/uploads\/2022\/09\/Rabanal-768x1162.jpg 768w\" sizes=\"(max-width: 800px) 100vw, 800px\" \/>\t\t\t\t\t\t\t\t\t\t\t\t\t\t\t<\/div>\n\t\t\t\t<\/div>\n\t\t\t\t<div class=\"elementor-element elementor-element-d230bec elementor-widget elementor-widget-heading\" data-id=\"d230bec\" data-element_type=\"widget\" data-e-type=\"widget\" data-widget_type=\"heading.default\">\n\t\t\t\t<div class=\"elementor-widget-container\">\n\t\t\t\t\t<p class=\"elementor-heading-title elementor-size-default\">Alberto Rabanal Mar\u00edn<\/p>\t\t\t\t<\/div>\n\t\t\t\t<\/div>\n\t\t\t\t<div class=\"elementor-element elementor-element-fb4d3be elementor-widget elementor-widget-text-editor\" data-id=\"fb4d3be\" data-element_type=\"widget\" data-e-type=\"widget\" data-widget_type=\"text-editor.default\">\n\t\t\t\t<div class=\"elementor-widget-container\">\n\t\t\t\t\t\t\t\t\t<p>Partner<\/p>\n\t\t\t\t\t\t\t\t<\/div>\n\t\t\t\t<\/div>\n\t\t\t\t<div class=\"elementor-element elementor-element-170f327 elementor-widget elementor-widget-text-editor\" data-id=\"170f327\" data-element_type=\"widget\" data-e-type=\"widget\" data-widget_type=\"text-editor.default\">\n\t\t\t\t<div class=\"elementor-widget-container\">\n\t\t\t\t\t\t\t\t\t<p>Among his experience:<\/p>\n<ul>\n<li>EDP Renovables Business Development Director for Spain and Portugal<\/li>\n<li>CEO of ECOSolar Group, leading investments in Latin America<\/li>\n<li>Leader of Martifer Solar&#8217;s expansion in Spain and Latin America.<\/li>\n<li>CEO of Albasolar and Conergy Group in Spain<\/li>\n<\/ul>\n\t\t\t\t\t\t\t\t<\/div>\n\t\t\t\t<\/div>\n\t\t\t\t\t<\/div>\n\t\t<\/div>\n\t\t\t\t\t<\/div>\n\t\t<\/section>\n\t\t\t\t<\/div>\n\t\t","protected":false},"excerpt":{"rendered":"<p>Management team Getting Greener&#8217;s team combines knowledge and skills in the energy sector, sustainability and asset management; after more than 20 years of working with large multinationals. Mariola Pina President &amp; CEO. Founding Partner More than 28 years working in the areas of Asset Management. Strategy, Corporate Governance and Operations. Among her experience: Chairman of [&hellip;]<\/p>\n","protected":false},"author":1,"featured_media":0,"parent":0,"menu_order":0,"comment_status":"closed","ping_status":"closed","template":"","meta":{"_seopress_robots_primary_cat":"","_seopress_titles_title":"","_seopress_titles_desc":"","_seopress_robots_index":"","site-sidebar-layout":"no-sidebar","site-content-layout":"page-builder","ast-site-content-layout":"default","site-content-style":"default","site-sidebar-style":"default","ast-global-header-display":"","ast-banner-title-visibility":"","ast-main-header-display":"","ast-hfb-above-header-display":"","ast-hfb-below-header-display":"","ast-hfb-mobile-header-display":"","site-post-title":"disabled","ast-breadcrumbs-content":"","ast-featured-img":"disabled","footer-sml-layout":"","ast-disable-related-posts":"","theme-transparent-header-meta":"","adv-header-id-meta":"","stick-header-meta":"","header-above-stick-meta":"","header-main-stick-meta":"","header-below-stick-meta":"","astra-migrate-meta-layouts":"default","ast-page-background-enabled":"default","ast-page-background-meta":{"desktop":{"background-color":"var(--ast-global-color-4)","background-image":"","background-repeat":"repeat","background-position":"center center","background-size":"auto","background-attachment":"scroll","background-type":"","background-media":"","overlay-type":"","overlay-color":"","overlay-opacity":"","overlay-gradient":""},"tablet":{"background-color":"","background-image":"","background-repeat":"repeat","background-position":"center center","background-size":"auto","background-attachment":"scroll","background-type":"","background-media":"","overlay-type":"","overlay-color":"","overlay-opacity":"","overlay-gradient":""},"mobile":{"background-color":"","background-image":"","background-repeat":"repeat","background-position":"center center","background-size":"auto","background-attachment":"scroll","background-type":"","background-media":"","overlay-type":"","overlay-color":"","overlay-opacity":"","overlay-gradient":""}},"ast-content-background-meta":{"desktop":{"background-color":"var(--ast-global-color-5)","background-image":"","background-repeat":"repeat","background-position":"center center","background-size":"auto","background-attachment":"scroll","background-type":"","background-media":"","overlay-type":"","overlay-color":"","overlay-opacity":"","overlay-gradient":""},"tablet":{"background-color":"var(--ast-global-color-5)","background-image":"","background-repeat":"repeat","background-position":"center center","background-size":"auto","background-attachment":"scroll","background-type":"","background-media":"","overlay-type":"","overlay-color":"","overlay-opacity":"","overlay-gradient":""},"mobile":{"background-color":"var(--ast-global-color-5)","background-image":"","background-repeat":"repeat","background-position":"center center","background-size":"auto","background-attachment":"scroll","background-type":"","background-media":"","overlay-type":"","overlay-color":"","overlay-opacity":"","overlay-gradient":""}},"iawp_total_views":6,"footnotes":""},"class_list":["post-248","page","type-page","status-publish","hentry"],"_links":{"self":[{"href":"https:\/\/gettingreener.com\/en\/wp-json\/wp\/v2\/pages\/248","targetHints":{"allow":["GET"]}}],"collection":[{"href":"https:\/\/gettingreener.com\/en\/wp-json\/wp\/v2\/pages"}],"about":[{"href":"https:\/\/gettingreener.com\/en\/wp-json\/wp\/v2\/types\/page"}],"author":[{"embeddable":true,"href":"https:\/\/gettingreener.com\/en\/wp-json\/wp\/v2\/users\/1"}],"replies":[{"embeddable":true,"href":"https:\/\/gettingreener.com\/en\/wp-json\/wp\/v2\/comments?post=248"}],"version-history":[{"count":1,"href":"https:\/\/gettingreener.com\/en\/wp-json\/wp\/v2\/pages\/248\/revisions"}],"predecessor-version":[{"id":249,"href":"https:\/\/gettingreener.com\/en\/wp-json\/wp\/v2\/pages\/248\/revisions\/249"}],"wp:attachment":[{"href":"https:\/\/gettingreener.com\/en\/wp-json\/wp\/v2\/media?parent=248"}],"curies":[{"name":"wp","href":"https:\/\/api.w.org\/{rel}","templated":true}]}}